{"id":46,"date":"2016-09-16T10:37:03","date_gmt":"2016-09-16T10:37:03","guid":{"rendered":"http:\/\/lekenik.hr\/poduzetnicka-zona\/?page_id=46"},"modified":"2021-08-27T06:24:43","modified_gmt":"2021-08-27T06:24:43","slug":"javni-natjecaj","status":"publish","type":"page","link":"https:\/\/lekenik.hr\/poduzetnicka-zona\/hr\/javni-natjecaj\/","title":{"rendered":"Javni natje\u010daj"},"content":{"rendered":"<section class=\"av_textblock_section \"  itemscope=\"itemscope\" itemtype=\"https:\/\/schema.org\/CreativeWork\" ><div class='avia_textblock  '   itemprop=\"text\" ><p>Na temelju \u010dlanka 391. Zakona o vlasni\u0161tvu i drugim stvarnim pravima (\u201cNarodne novine\u201d broj 91\/96, 69\/98, 137\/99, 22\/00, 73\/00, 114\/01, 79\/06, 141\/06, 146\/08, 38\/09, 153\/09, 143\/12, 152\/14, 81\/15- pro\u010di\u0161\u0107eni tekst, 94\/17), \u010dlanka 34. stavka \u00a01. to\u010dke 10.\u00a0 Statuta Op\u0107ine Lekenik (\u201eSlu\u017ebeni vjesnik\u201c broj 9\/21), \u010dlanka 6. Odluke o stjecanju, otu\u0111ivanju i raspolaganju nekretninama u Op\u0107ini Lekenik (\u201cSlu\u017ebeni vjesnik\u201d broj 54\/09, 26\/10 i 49\/14), te Odluke Op\u0107inskog vije\u0107a Op\u0107ine Lekenik o prodaji nekretnina u vlasni\u0161tvu Op\u0107ine Lekenik u poduzetni\u010dkoj zoni \u201eMarof\u201c (\u201cSlu\u017ebeni vjesnik\u201d broj 12\/19), raspisuje se<\/p>\n<h2 style=\"text-align: center;\"><strong>JAVNI NATJE\u010cAJ<\/strong><br \/>\n<strong>za prodaju nekretnina u vlasni\u0161tvu Op\u0107ine Lekenik u poduzetni\u010dkoj \u00a0zoni \u201eMarof\u201c u Lekeniku<\/strong><\/h2>\n<ol>\n<li>Predmet natje\u010daja je prodaja nekretnina \u2013 gra\u0111evinskog zemlji\u0161ta\u00a0 u vlasni\u0161tvu Op\u0107ine Lekenik u Poduzetni\u010dkoj zoni D1 \u201eMarof\u201c u Lekeniku, <strong>k.<\/strong><strong>o. Lekenik<\/strong><\/li>\n<\/ol>\n<table width=\"600\">\n<tbody>\n<tr>\n<td width=\"60\"><strong>R. br.<\/strong><\/td>\n<td width=\"96\"><strong>Katastarska \u010destica<\/strong><\/td>\n<td width=\"90\"><strong>Povr\u0161ina\u00a0\u00a0\u00a0\u00a0\u00a0\u00a0\u00a0 <\/strong>ha\u00a0 a\u00a0\u00a0 m<sup>2<\/sup><\/td>\n<td width=\"138\"><strong>Po\u010detna cijena<\/strong><\/p>\n<p><strong>HRK<\/strong><\/td>\n<td width=\"132\"><strong>GOSPODARSKA NAMJENA<\/strong><\/td>\n<td width=\"84\"><strong>Oznaka namjene<\/strong><\/td>\n<\/tr>\n<tr>\n<td width=\"60\">1.<\/td>\n<td width=\"96\">3012<\/td>\n<td width=\"90\">58 58<\/td>\n<td width=\"138\">240.178,00<\/td>\n<td width=\"132\">PROIZVODNA<\/td>\n<td width=\"84\">I-01<\/td>\n<\/tr>\n<tr>\n<td width=\"60\">2.<\/td>\n<td width=\"96\">3008<\/td>\n<td width=\"90\">86 26<\/td>\n<td width=\"138\">353.666,00<\/td>\n<td width=\"132\">PROIZVODNA<\/td>\n<td width=\"84\">I-04<\/td>\n<\/tr>\n<tr>\n<td width=\"60\">3.<\/td>\n<td width=\"96\">3004<\/td>\n<td width=\"90\">34 54<\/td>\n<td width=\"138\">141.614,00<\/td>\n<td width=\"132\">PROIZVODNA<\/td>\n<td width=\"84\">I-11a<\/td>\n<\/tr>\n<tr>\n<td width=\"60\">4.<\/td>\n<td width=\"96\">3026<\/td>\n<td width=\"90\">69 89<\/td>\n<td width=\"138\">286.549,00<\/td>\n<td width=\"132\">PROIZVODNA<\/td>\n<td width=\"84\">I-16<\/td>\n<\/tr>\n<tr>\n<td width=\"60\">5.<\/td>\n<td width=\"96\">3019<\/td>\n<td width=\"90\">1 03 61<\/td>\n<td width=\"138\">424.801,00<\/td>\n<td width=\"132\">PROIZVODNA<\/td>\n<td width=\"84\">I-20<\/td>\n<\/tr>\n<tr>\n<td width=\"60\">6.<\/td>\n<td width=\"96\">2992<\/td>\n<td width=\"90\">74 38<\/td>\n<td width=\"138\">304.958,00<\/td>\n<td width=\"132\">POSLOVNA<\/td>\n<td width=\"84\">K-12<\/td>\n<\/tr>\n<\/tbody>\n<\/table>\n<ol start=\"2\">\n<li>Katastarske \u010destice su sukladno Detaljnom planu ure\u0111enja Poduzetni\u010dke zone D1\u2013\u201eMarof\u201c Lekenik, namijenjene za poduzetni\u010dke djelatnosti slijede\u0107ih gospodarskih namjena: I \u2013 PROIZVODNA, K \u2013 POSLOVNA.<\/li>\n<\/ol>\n<p>Na web stranici Op\u0107ine Lekenik <a href=\"http:\/\/www.lekenik.hr\">www.lekenik.hr<\/a> mo\u017ee se izvr\u0161iti uvid u plan detaljne namjene povr\u0161ina.<\/p>\n<p>Kupac samostalno, u okviru namjene nekretnine, ispituje podobnost za djelatnosti koju namjerava obavljati te samostalno i o svom tro\u0161ku ostvaruje tehni\u010dke, pravne i druge preduvjete za obavljanje djelatnosti.<\/p>\n<ol start=\"3\">\n<li>Poduzetni\u010dka zona opremljena je komunalnom infrastrukturom \u010dija izgradnja je sufinancirana u sklopu realizacije projekta \u201ePoduzetni\u010dka zona Marof Lekenik &#8211; pokreta\u010d lokalnog razvoja\u201c sredstvima Europske unije, iz Europskog fonda za regionalni razvoj,\u00a0 u sklopu Operativnog programa \u201eRegionalna konkurentnost\u201c 2007.-2013. Shema dodjele bespovratnih sredstava za poslovnu infrastrukturu.<\/li>\n<li>Po\u010detna cijena po 1 m<sup>2<\/sup> iznosi 41,00 kn.<\/li>\n<li>Na\u010din i rok pla\u0107anja: <strong><u>jednokratno<\/u><\/strong>, u roku od 15 (petnaest) dana od dana sklapanja ugovora<\/li>\n<li>Prodavatelj \u0107e uvesti Kupca u posjed nekretnine i predati Kupcu tabularnu izjavu u roku od 8 (osam) dana od dana uplate cijele kupoprodajne cijene na ra\u010dun Prodavatelja.<\/li>\n<li>Nekretnine se prodaju u vi\u0111enom stanju i kako su opisane u javnim evidencijama, \u0161to isklju\u010duje sve naknadne prigovore. Kupac u ugovoru potvr\u0111uje da je provjerio stanje nekretnine, utvrdio njen polo\u017eaj, me\u0111e i podobnost za obavljanje djelatnosti te potvr\u0111uje da je u cijelosti upoznat sa zemlji\u0161noknji\u017enim i katastarskim stanjem.<\/li>\n<li>Ponuditelji mogu biti fizi\u010dke i pravne osobe ako ispunjavaju Zakonom predvi\u0111ene uvjete za stjecanje prava vlasni\u0161tva na nekretninama. Navedeni natjecatelji moraju dokazati pravnu i poslovnu sposobnost ispravom o upisu u poslovni, sudski, (trgova\u010dki), strukovni, obrtni ili drugi odgovaraju\u0107i registar ili odgovaraju\u0107om potvrdom \u2013 pravne osobe, odnosno preslikom osobne iskaznice \u2013 fizi\u010dke osobe.<\/li>\n<li>Ponuditelj u ponudi treba nazna\u010diti:<\/li>\n<\/ol>\n<ul>\n<li>osobne podatke (ime i prezime odnosno naziv tvrtke, adresu \/sjedi\u0161te tvrtke, OIB,<\/li>\n<li>oznaku zemlji\u0161ta (katastarske \u010destice) i povr\u0161inu zemlji\u0161ta za koje se natje\u010de,<\/li>\n<li>visinu ponu\u0111ene cijene po m<sup>2<\/sup> i ukupnu ponu\u0111enu cijenu za svaku katastarsku \u010desticu,<\/li>\n<li>djelatnost koju namjerava obavljati u zoni.<\/li>\n<li>potrebni energenti: struja(kw).<\/li>\n<li>planirani broj novozaposlenih radnika.<\/li>\n<\/ul>\n<p><strong><u>\u00a0Ponudi treba prilo\u017eiti:<\/u><\/strong><\/p>\n<ol>\n<li>Dokaz o upla\u0107enoj jam\u010devini,<\/li>\n<li>Ispravu o upisu u poslovni, sudski (trgova\u010dki) strukovni, obrtni ili drugi odgovaraju\u0107i registar za poslovne subjekte, preslika osobne iskaznice za fizi\u010dke osobe,<\/li>\n<li>Potvrdu o izmirenim porezima i doprinosima,<\/li>\n<li>Izjavu da ponu\u0111a\u010d nema dugovanja prema Op\u0107ini Lekenik,<\/li>\n<li>Za poslovne subjekte: BON-2 ili SOL-2 za glavni ra\u010dun- ne stariji od 30 dana od dana objave Javnog natje\u010daja (original ili ovjerena preslika), iz kojeg je vidljivo da ra\u010dun nije bio blokiran vi\u0161e od 10 dana u prethodnih 6 mjeseci od dana sastavljanja obrasca, osim za novoosnovane poslovne subjekte koji nisu imali promet ili su tek u postupku otvaranja ra\u010duna koji prila\u017eu (pod materijalnom i kaznenom odgovorno\u0161\u0107u) IZJAVU da nije bilo prometa po ra\u010dunu ili IZJAVU da je u tijeku postupak otvaranja ra\u010duna.<\/li>\n<li>Ponuditelji su du\u017eni uplatiti jam\u010devinu u visini od 10% od ukupno odre\u0111ene po\u010detne cijene, na ra\u010dun Op\u0107ine Lekenik, otvoren u HPB, broj: <u>HR8123900011822800006,<\/u>\u00a0\u00a0\u00a0\u00a0\u00a0\u00a0\u00a0\u00a0\u00a0\u00a0\u00a0\u00a0\u00a0\u00a0\u00a0\u00a0\u00a0\u00a0\u00a0\u00a0\u00a0\u00a0\u00a0\u00a0\u00a0\u00a0\u00a0\u00a0\u00a0\u00a0\u00a0\u00a0\u00a0\u00a0\u00a0\u00a0\u00a0\u00a0\u00a0 model <u>HR68\u00a0\u00a0\u00a0 poziv na broj 7242-OIB.<\/u><\/li>\n<\/ol>\n<p>Jam\u010devinom se jam\u010di ozbiljnost ponude \u0161to podrazumijeva sklapanje ugovora o kupoprodaji po pozivu i pla\u0107anje kupoprodajne cijene u roku.<\/p>\n<p>Odabranom ponuditelju jam\u010devina se ura\u010dunava u kupoprodajnu cijenu.<br \/>\nPonuditelju \u010dija ponuda ne bude prihva\u0107ena, jam\u010devina se vra\u0107a u roku od 8 (osam) dana od dana dono\u0161enja odluke o odabiru najpovoljnije ponude. Natjecatelj\u00a0 \u010dija je ponuda prihva\u0107ena, a koji ne sklopi ugovor u predvi\u0111enom roku ili ne plati cijelu kupoprodajnu u roku, pa se ugovor zbog toga ugovor raskine, nema pravo na povrat jam\u010devine.<\/p>\n<ol start=\"11\">\n<li>Rok za dostavu ponuda je 8 (osam) dana od dana objave natje\u010daja.<\/li>\n<li>Prijave na Javni natje\u010daj predaju se u Op\u0107inu Lekenik, Lekenik, Zagreba\u010dka 44, neposredno u zatvorenoj omotnici s navedenom adresom ponuditelja i naru\u010ditelja ili putem po\u0161te preporu\u010deno.<br \/>\nNa omotnici navesti \u00ab NE OTVARATI &#8211; ZA NATJE\u010cAJ \u2013 PONUDA ZA KUPNJU NEKRETNINE U PODUZETNI\u010cKOJ ZONI \u00bb.<\/li>\n<li>Otvaranje ponuda obavit \u0107e Stru\u010dno povjerenstvo za prodaju nekretnina u prostorijama op\u0107ine Lekenik, Lekenik, Zagreba\u010dka 44, <strong>prvi sljede\u0107i radni dan po isteku roka za podno\u0161enje prijave na natje\u010daj, u 12,00 sati<\/strong>. Na temelju zapisnika Stru\u010dnog povjerenstva za prodaju nekretnina, donosi se odluka o najpovoljnijoj ponudi.<\/li>\n<li>Nepotpune ili nepravodobne ponude ne\u0107e se razmatrati.<\/li>\n<li>O rezultatima natje\u010daja ponuditelji \u0107e biti obavije\u0161teni pismeno u roku od 60 dana od dana objavljivanja natje\u010daja.<\/li>\n<li>Op\u0107inski na\u010delnik \u0107e s najpovoljnijim ponuditeljem sklopiti ugovor o prodaji nekretnine u roku od 30 dana od izbora najpovoljnijeg ponuditelja. U slu\u010daju da najpovoljniji ponuditelj ne sklopi Ugovor o prodaji u roku smatrat \u0107e se da je odustao od kupnje, te gubi pravo na povrat jam\u010devine.<\/li>\n<li>Sve tro\u0161kove proiza\u0161le iz ugovora o prodaji i porez na promet nekretnina snosi kupac u cijelosti.<\/li>\n<li>Kupac je du\u017ean zapo\u010deti izgradnju objekta najkasnije u roku 1 godine, a djelatnost zapo\u010deti u roku od 3 godine od dana potpisivanja Kupoprodajnog ugovora.<\/li>\n<li>U slu\u010daju nepo\u0161tivanja navedenih rokova i odredbi natje\u010daja ili promjene djelatnosti bez suglasnosti Op\u0107ine, Op\u0107ina ima pravo raskinuti ugovor i zadr\u017eati 15% od ukupne kupoprodajne cijene, na ime naknade \u0161tete.<\/li>\n<li>Kupac ima pravo podnijeti zahtjev za raskid ugovora koji Op\u0107ina Lekenik mo\u017ee ili ne mora usvojiti. Ugovor se raskida posebnim sporazumom. U slu\u010daju raskida ugovora prodavatelj ima pravo zadr\u017eati 15% od ukupne kupoprodajne cijene, na ime naknade \u0161tete.<\/li>\n<li>Za slu\u010daj raskida ugovora o kupoprodaji nekretnine po bilo kojoj osnovi, ugovorom se odre\u0111uju sljede\u0107i uvjeti:<\/li>\n<\/ol>\n<ul>\n<li>da prodavatelj nije du\u017ean naknaditi tro\u0161kove bilo kakvih ulaganja kupca u zemlji\u0161te ili u vezi s investicijom, bez obzira jesu li ta ulaganja bila nu\u017ena i\/ili su korisna za Prodavatelja,<\/li>\n<li>da je kupac du\u017ean predati nekretninu prodavatelju u stanju na dan raskida ugovora te da kupac nije ovla\u0161ten na nekretnini izvoditi radove radi dovo\u0111enja iste u prvobitno stanje, osim ukoliko prodavatelj ne\u0107e pisanim putem zahtijevati povrat u prija\u0161nje stanje,<\/li>\n<li>da je prodavatelj ovla\u0161ten o tro\u0161ku kupca dovesti nekretninu u prvobitno stanje, ukoliko to ovaj ne\u0107e u\u010diniti na zahtjev prodavatelja,<\/li>\n<li>da kupac ima pravo odno\u0161enja ure\u0111aja i drugih pokretnina ukoliko iste nisu trajno spojene s nekretninom odnosno ukoliko njihovo uklanjanje ne zahtijeva izvo\u0111enje radova, u kojem slu\u010daju mu je potrebna suglasnost prodavatelja.<\/li>\n<\/ul>\n<ol start=\"22\">\n<li>Za nekretnine vrijedi petogodi\u0161nja zabrana otu\u0111enja (preprodaje) bez suglasnosti Op\u0107ine Lekenik. Ukoliko vlasnik zemlji\u0161ta \u017eeli prodati predmetno zemlji\u0161te nakon isteka roka zabrane otu\u0111enja, pravo prvokupa ima Op\u0107ina Lekenik.<\/li>\n<li>Op\u0107ina Lekenik ima pravo poni\u0161titi natje\u010daj, odnosno ne prihvatiti niti jednu ponudu, bez obrazlo\u017eenja.<\/li>\n<li>Sve informacije o ovom natje\u010daju mogu se dobiti u Op\u0107ini Lekenik, te na telefon 044\/527-811, a dostupne su i na web stranici Op\u0107ine Lekenik <a href=\"http:\/\/www.lekenik.hr\">lekenik.hr<\/a>.<\/li>\n<\/ol>\n<p>KLASA: 944-18\/21-01\/06<\/p>\n<p>URBROJ: 2176\/12-01-21-02<\/p>\n<p>Lekenik, 26.08.2021.<\/p>\n<p><strong>OP\u0106INSKO VIJE\u0106E OP\u0106INE LEKENIK<\/strong><\/p>\n<\/div><\/section>\n\n","protected":false},"excerpt":{"rendered":"","protected":false},"author":1,"featured_media":0,"parent":0,"menu_order":0,"comment_status":"closed","ping_status":"closed","template":"","meta":[],"yoast_head":"<!-- This site is optimized with the Yoast SEO plugin v16.9 - https:\/\/yoast.com\/wordpress\/plugins\/seo\/ -->\n<title>Javni natje\u010daj - Poduzetni\u010dka zona Marof Lekenik<\/title>\n<meta name=\"robots\" content=\"index, follow, max-snippet:-1, max-image-preview:large, max-video-preview:-1\" \/>\n<link rel=\"canonical\" href=\"https:\/\/lekenik.hr\/poduzetnicka-zona\/hr\/javni-natjecaj\/\" \/>\n<meta property=\"og:locale\" content=\"hr_HR\" \/>\n<meta property=\"og:type\" content=\"article\" \/>\n<meta property=\"og:title\" content=\"Javni natje\u010daj - Poduzetni\u010dka zona Marof Lekenik\" \/>\n<meta property=\"og:url\" content=\"https:\/\/lekenik.hr\/poduzetnicka-zona\/hr\/javni-natjecaj\/\" \/>\n<meta property=\"og:site_name\" content=\"Poduzetni\u010dka zona Marof Lekenik\" \/>\n<meta property=\"article:modified_time\" content=\"2021-08-27T06:24:43+00:00\" \/>\n<meta name=\"twitter:card\" content=\"summary\" \/>\n<meta name=\"twitter:label1\" content=\"Procijenjeno vrijeme \u010ditanja\" \/>\n\t<meta name=\"twitter:data1\" content=\"6 minuta\" \/>\n<script type=\"application\/ld+json\" class=\"yoast-schema-graph\">{\"@context\":\"https:\/\/schema.org\",\"@graph\":[{\"@type\":\"WebSite\",\"@id\":\"https:\/\/lekenik.hr\/poduzetnicka-zona\/hr\/#website\",\"url\":\"https:\/\/lekenik.hr\/poduzetnicka-zona\/hr\/\",\"name\":\"Poduzetni\\u010dka zona Marof Lekenik\",\"description\":\"Pokreta\\u010d lokalnog razvoja\",\"potentialAction\":[{\"@type\":\"SearchAction\",\"target\":{\"@type\":\"EntryPoint\",\"urlTemplate\":\"https:\/\/lekenik.hr\/poduzetnicka-zona\/hr\/?s={search_term_string}\"},\"query-input\":\"required name=search_term_string\"}],\"inLanguage\":\"hr\"},{\"@type\":\"WebPage\",\"@id\":\"https:\/\/lekenik.hr\/poduzetnicka-zona\/hr\/javni-natjecaj\/#webpage\",\"url\":\"https:\/\/lekenik.hr\/poduzetnicka-zona\/hr\/javni-natjecaj\/\",\"name\":\"Javni natje\\u010daj - Poduzetni\\u010dka zona Marof Lekenik\",\"isPartOf\":{\"@id\":\"https:\/\/lekenik.hr\/poduzetnicka-zona\/hr\/#website\"},\"datePublished\":\"2016-09-16T10:37:03+00:00\",\"dateModified\":\"2021-08-27T06:24:43+00:00\",\"breadcrumb\":{\"@id\":\"https:\/\/lekenik.hr\/poduzetnicka-zona\/hr\/javni-natjecaj\/#breadcrumb\"},\"inLanguage\":\"hr\",\"potentialAction\":[{\"@type\":\"ReadAction\",\"target\":[\"https:\/\/lekenik.hr\/poduzetnicka-zona\/hr\/javni-natjecaj\/\"]}]},{\"@type\":\"BreadcrumbList\",\"@id\":\"https:\/\/lekenik.hr\/poduzetnicka-zona\/hr\/javni-natjecaj\/#breadcrumb\",\"itemListElement\":[{\"@type\":\"ListItem\",\"position\":1,\"name\":\"Po\\u010detna stranica\",\"item\":\"https:\/\/lekenik.hr\/poduzetnicka-zona\/\"},{\"@type\":\"ListItem\",\"position\":2,\"name\":\"Javni natje\\u010daj\"}]}]}<\/script>\n<!-- \/ Yoast SEO plugin. -->","yoast_head_json":{"title":"Javni natje\u010daj - Poduzetni\u010dka zona Marof Lekenik","robots":{"index":"index","follow":"follow","max-snippet":"max-snippet:-1","max-image-preview":"max-image-preview:large","max-video-preview":"max-video-preview:-1"},"canonical":"https:\/\/lekenik.hr\/poduzetnicka-zona\/hr\/javni-natjecaj\/","og_locale":"hr_HR","og_type":"article","og_title":"Javni natje\u010daj - Poduzetni\u010dka zona Marof Lekenik","og_url":"https:\/\/lekenik.hr\/poduzetnicka-zona\/hr\/javni-natjecaj\/","og_site_name":"Poduzetni\u010dka zona Marof Lekenik","article_modified_time":"2021-08-27T06:24:43+00:00","twitter_card":"summary","twitter_misc":{"Procijenjeno vrijeme \u010ditanja":"6 minuta"},"schema":{"@context":"https:\/\/schema.org","@graph":[{"@type":"WebSite","@id":"https:\/\/lekenik.hr\/poduzetnicka-zona\/hr\/#website","url":"https:\/\/lekenik.hr\/poduzetnicka-zona\/hr\/","name":"Poduzetni\u010dka zona Marof Lekenik","description":"Pokreta\u010d lokalnog razvoja","potentialAction":[{"@type":"SearchAction","target":{"@type":"EntryPoint","urlTemplate":"https:\/\/lekenik.hr\/poduzetnicka-zona\/hr\/?s={search_term_string}"},"query-input":"required name=search_term_string"}],"inLanguage":"hr"},{"@type":"WebPage","@id":"https:\/\/lekenik.hr\/poduzetnicka-zona\/hr\/javni-natjecaj\/#webpage","url":"https:\/\/lekenik.hr\/poduzetnicka-zona\/hr\/javni-natjecaj\/","name":"Javni natje\u010daj - Poduzetni\u010dka zona Marof Lekenik","isPartOf":{"@id":"https:\/\/lekenik.hr\/poduzetnicka-zona\/hr\/#website"},"datePublished":"2016-09-16T10:37:03+00:00","dateModified":"2021-08-27T06:24:43+00:00","breadcrumb":{"@id":"https:\/\/lekenik.hr\/poduzetnicka-zona\/hr\/javni-natjecaj\/#breadcrumb"},"inLanguage":"hr","potentialAction":[{"@type":"ReadAction","target":["https:\/\/lekenik.hr\/poduzetnicka-zona\/hr\/javni-natjecaj\/"]}]},{"@type":"BreadcrumbList","@id":"https:\/\/lekenik.hr\/poduzetnicka-zona\/hr\/javni-natjecaj\/#breadcrumb","itemListElement":[{"@type":"ListItem","position":1,"name":"Po\u010detna stranica","item":"https:\/\/lekenik.hr\/poduzetnicka-zona\/"},{"@type":"ListItem","position":2,"name":"Javni natje\u010daj"}]}]}},"_links":{"self":[{"href":"https:\/\/lekenik.hr\/poduzetnicka-zona\/wp-json\/wp\/v2\/pages\/46"}],"collection":[{"href":"https:\/\/lekenik.hr\/poduzetnicka-zona\/wp-json\/wp\/v2\/pages"}],"about":[{"href":"https:\/\/lekenik.hr\/poduzetnicka-zona\/wp-json\/wp\/v2\/types\/page"}],"author":[{"embeddable":true,"href":"https:\/\/lekenik.hr\/poduzetnicka-zona\/wp-json\/wp\/v2\/users\/1"}],"replies":[{"embeddable":true,"href":"https:\/\/lekenik.hr\/poduzetnicka-zona\/wp-json\/wp\/v2\/comments?post=46"}],"version-history":[{"count":43,"href":"https:\/\/lekenik.hr\/poduzetnicka-zona\/wp-json\/wp\/v2\/pages\/46\/revisions"}],"predecessor-version":[{"id":432,"href":"https:\/\/lekenik.hr\/poduzetnicka-zona\/wp-json\/wp\/v2\/pages\/46\/revisions\/432"}],"wp:attachment":[{"href":"https:\/\/lekenik.hr\/poduzetnicka-zona\/wp-json\/wp\/v2\/media?parent=46"}],"curies":[{"name":"wp","href":"https:\/\/api.w.org\/{rel}","templated":true}]}}