{"id":144,"date":"2016-10-20T17:19:12","date_gmt":"2016-10-20T17:19:12","guid":{"rendered":"http:\/\/lekenik.hr\/poduzetnicka-zona\/?page_id=144"},"modified":"2016-10-22T12:52:09","modified_gmt":"2016-10-22T12:52:09","slug":"public-competition","status":"publish","type":"page","link":"https:\/\/lekenik.hr\/poduzetnicka-zona\/en\/public-competition\/","title":{"rendered":"Public competition"},"content":{"rendered":"<section class=\"av_textblock_section \"  itemscope=\"itemscope\" itemtype=\"https:\/\/schema.org\/CreativeWork\" ><div class='avia_textblock  '   itemprop=\"text\" ><p>Na temelju \u010dlanka 391. Zakona o vlasni\u0161tvu i drugim stvarnim pravima (\u201cNarodne novine\u201dbroj 91\/96, 69\/98, 137\/99, 22\/00, 73\/00, 114\/01, 79\/06, 141\/06, 146\/08, 38\/09, 153\/09, 143\/12 i 152\/14), \u010dlanka 34. alineje 1. to\u010dke 10.\u00a0 Statuta Op\u0107ine Lekenik (\u201eSlu\u017ebeni vjesnik\u201c broj 5\/13 i 13\/13), \u010dlanka 6. Odluke o stjecanju, otu\u0111ivanju i raspolaganju nekretninama u Op\u0107ini Lekenik (\u201cSlu\u017ebeni vjesnik\u201d broj 54\/09, 26\/10, 49\/14 i 43\/15), te Odluke Op\u0107inskog vije\u0107a Op\u0107ine Lekenik o prodaji nekretnina u vlasni\u0161tvu Op\u0107ine Lekenik u poduzetni\u010dkoj zoni \u201eMarof\u201c (\u201cSlu\u017ebeni vjesnik\u201d broj 23\/2016), raspisuje se<\/p>\n<h2 style=\"text-align: center;\"><strong>JAVNI NATJE\u010cAJ<\/strong><br \/>\n<strong>za prodaju nekretnina u vlasni\u0161tvu Op\u0107ine Lekenik u poduzetni\u010dkoj \u00a0zoni \u201eMarof\u201c u Lekeniku<\/strong><\/h2>\n<ol>\n<li style=\"text-align: left;\">Predmet natje\u010daja je prodaja nekretnina \u2013 gra\u0111evinskog zemlji\u0161ta \u00a0u vlasni\u0161tvu Op\u0107ine Lekenik u Poduzetni\u010dkoj zoni D1 \u201eMarof\u201c u Lekeniku,<\/li>\n<\/ol>\n\n<table id=\"tablepress-1\" class=\"tablepress tablepress-id-1\">\n<thead>\n<tr class=\"row-1 odd\">\n\t<th class=\"column-1\">R. br.<\/th><th class=\"column-2\">Katastarska \u010destica<\/th><th class=\"column-3\">Povr\u0161ina         ha  a   m 2<\/th><th class=\"column-4\">Po\u010detna cijena<\/th><th class=\"column-5\">GOSPODARSKA NAMJENA<\/th><th class=\"column-6\">Oznaka namjene<\/th>\n<\/tr>\n<\/thead>\n<tbody class=\"row-hover\">\n<tr class=\"row-2 even\">\n\t<td class=\"column-1\">1. \u00a0<\/td><td class=\"column-2\">897\/23<\/td><td class=\"column-3\">62 82<\/td><td class=\"column-4\">257562<\/td><td class=\"column-5\">PROIZVODNA<\/td><td class=\"column-6\">I-21<\/td>\n<\/tr>\n<tr class=\"row-3 odd\">\n\t<td class=\"column-1\">2. \u00a0<\/td><td class=\"column-2\">897\/40<\/td><td class=\"column-3\">1 03 63<\/td><td class=\"column-4\">424883<\/td><td class=\"column-5\">PROIZVODNA<\/td><td class=\"column-6\">I-20<\/td>\n<\/tr>\n<tr class=\"row-4 even\">\n\t<td class=\"column-1\">3. \u00a0<\/td><td class=\"column-2\">897\/41<\/td><td class=\"column-3\">75 39<\/td><td class=\"column-4\">309099<\/td><td class=\"column-5\">PROIZVODNA<\/td><td class=\"column-6\">I-19<\/td>\n<\/tr>\n<tr class=\"row-5 odd\">\n\t<td class=\"column-1\">4. \u00a0<\/td><td class=\"column-2\">897\/44<\/td><td class=\"column-3\">67 35<\/td><td class=\"column-4\">276135<\/td><td class=\"column-5\">PROIZVODNA<\/td><td class=\"column-6\">I-18<\/td>\n<\/tr>\n<tr class=\"row-6 even\">\n\t<td class=\"column-1\">5. \u00a0<\/td><td class=\"column-2\">897\/49<\/td><td class=\"column-3\">78 24<\/td><td class=\"column-4\">320784<\/td><td class=\"column-5\">POSLOVNA<\/td><td class=\"column-6\">K-07<\/td>\n<\/tr>\n<tr class=\"row-7 odd\">\n\t<td class=\"column-1\">6. \u00a0<\/td><td class=\"column-2\">897\/53<\/td><td class=\"column-3\">83 39<\/td><td class=\"column-4\">341899<\/td><td class=\"column-5\">POSLOVNA<\/td><td class=\"column-6\">K-08<\/td>\n<\/tr>\n<tr class=\"row-8 even\">\n\t<td class=\"column-1\">7. \u00a0<\/td><td class=\"column-2\">897\/54<\/td><td class=\"column-3\">1 01 67<\/td><td class=\"column-4\">416847<\/td><td class=\"column-5\">POSLOVNA<\/td><td class=\"column-6\">K-09<\/td>\n<\/tr>\n<tr class=\"row-9 odd\">\n\t<td class=\"column-1\">8. \u00a0<\/td><td class=\"column-2\">897\/57<\/td><td class=\"column-3\">50 88<\/td><td class=\"column-4\">208608<\/td><td class=\"column-5\">PROIZVODNA<\/td><td class=\"column-6\">I-23<\/td>\n<\/tr>\n<tr class=\"row-10 even\">\n\t<td class=\"column-1\">9. \u00a0<\/td><td class=\"column-2\">895\/10<\/td><td class=\"column-3\">58 59<\/td><td class=\"column-4\">240219<\/td><td class=\"column-5\">PROIZVODNA<\/td><td class=\"column-6\">I-01<\/td>\n<\/tr>\n<tr class=\"row-11 odd\">\n\t<td class=\"column-1\">10. \u00a0<\/td><td class=\"column-2\">895\/11<\/td><td class=\"column-3\">73 87<\/td><td class=\"column-4\">302864<\/td><td class=\"column-5\">POSLOVNA<\/td><td class=\"column-6\">K-15<\/td>\n<\/tr>\n<tr class=\"row-12 even\">\n\t<td class=\"column-1\">11. \u00a0<\/td><td class=\"column-2\">895\/12<\/td><td class=\"column-3\">75 86<\/td><td class=\"column-4\">311026<\/td><td class=\"column-5\">PROIZVODNA<\/td><td class=\"column-6\">I-02<\/td>\n<\/tr>\n<tr class=\"row-13 odd\">\n\t<td class=\"column-1\">12. \u00a0<\/td><td class=\"column-2\">895\/14<\/td><td class=\"column-3\">75 84<\/td><td class=\"column-4\">322014<\/td><td class=\"column-5\">PROIZVODNA<\/td><td class=\"column-6\">I-03<\/td>\n<\/tr>\n<tr class=\"row-14 even\">\n\t<td class=\"column-1\">13. \u00a0<\/td><td class=\"column-2\">895\/16<\/td><td class=\"column-3\">86 28<\/td><td class=\"column-4\">353748<\/td><td class=\"column-5\">PROIZVODNA<\/td><td class=\"column-6\">I-04<\/td>\n<\/tr>\n<tr class=\"row-15 odd\">\n\t<td class=\"column-1\">14. \u00a0<\/td><td class=\"column-2\">895\/18<\/td><td class=\"column-3\">70 97<\/td><td class=\"column-4\">290977<\/td><td class=\"column-5\">PROIZVODNA<\/td><td class=\"column-6\">I-05<\/td>\n<\/tr>\n<tr class=\"row-16 even\">\n\t<td class=\"column-1\">15. \u00a0<\/td><td class=\"column-2\">895\/20<\/td><td class=\"column-3\">78 84<\/td><td class=\"column-4\">323244<\/td><td class=\"column-5\">PROIZVODNA<\/td><td class=\"column-6\">I-07<\/td>\n<\/tr>\n<tr class=\"row-17 odd\">\n\t<td class=\"column-1\">16. \u00a0<\/td><td class=\"column-2\">895\/39<\/td><td class=\"column-3\">83 00<\/td><td class=\"column-4\">340300<\/td><td class=\"column-5\">POSLOVNA<\/td><td class=\"column-6\">K-10<\/td>\n<\/tr>\n<tr class=\"row-18 even\">\n\t<td class=\"column-1\">17. \u00a0<\/td><td class=\"column-2\">895\/41<\/td><td class=\"column-3\">56 09<\/td><td class=\"column-4\">229969<\/td><td class=\"column-5\">POSLOVNA<\/td><td class=\"column-6\">K-14<\/td>\n<\/tr>\n<tr class=\"row-19 odd\">\n\t<td class=\"column-1\">18. \u00a0<\/td><td class=\"column-2\">895\/48<\/td><td class=\"column-3\">74 40<\/td><td class=\"column-4\">305040<\/td><td class=\"column-5\">POSLOVNA<\/td><td class=\"column-6\">K-12<\/td>\n<\/tr>\n<tr class=\"row-20 even\">\n\t<td class=\"column-1\">19. \u00a0<\/td><td class=\"column-2\">895\/49<\/td><td class=\"column-3\">60 55<\/td><td class=\"column-4\">248255<\/td><td class=\"column-5\">POSLOVNA<\/td><td class=\"column-6\">K-13<\/td>\n<\/tr>\n<tr class=\"row-21 odd\">\n\t<td class=\"column-1\">20. \u00a0<\/td><td class=\"column-2\">895\/21<\/td><td class=\"column-3\">80 41<\/td><td class=\"column-4\">329255<\/td><td class=\"column-5\">PROIZVODNA<\/td><td class=\"column-6\">I-08<\/td>\n<\/tr>\n<tr class=\"row-22 even\">\n\t<td class=\"column-1\">21. \u00a0<\/td><td class=\"column-2\">897\/45<\/td><td class=\"column-3\">56 77<\/td><td class=\"column-4\">232757<\/td><td class=\"column-5\">PROIZVODNA<\/td><td class=\"column-6\">I-14<\/td>\n<\/tr>\n<tr class=\"row-23 odd\">\n\t<td class=\"column-1\">22. \u00a0<\/td><td class=\"column-2\">897\/18<\/td><td class=\"column-3\">37 78<\/td><td class=\"column-4\">154898<\/td><td class=\"column-5\">PROIZVODNA<\/td><td class=\"column-6\">I-15<\/td>\n<\/tr>\n<\/tbody>\n<\/table>\n\n<ol>\n<li>Katastarske \u010destice su sukladno Detaljnom planu ure\u0111enja Poduzetni\u010dke zone D1 \u2013 \u201eMarof\u201c Lekenik, namijenjene za poduzetni\u010dke djelatnosti slijede\u0107ih gospodarskih namjena:<\/li>\n<\/ol>\n<p>I \u2013 PROIZVODNA<\/p>\n<p>K \u2013 POSLOVNA<\/p>\n<p>Na web stranici Op\u0107ine Lekenik <a href=\"http:\/\/www.lekenik.hr\">www.lekenik.hr<\/a> prema navedenoj oznaci namjene mo\u017ee se izvr\u0161iti uvid u plan detaljne namjene povr\u0161ina.<\/p>\n<ol>\n<li>Poduzetni\u010dka zona opremljena je komunalnom infrastrukturom \u010dija izgradnja je sufinancirana \u00a0u sklopu realizacije projekta \u201ePoduzetni\u010dka zona Marof Leknik &#8211; pokreta\u010d lokalnog razvoja\u201c sredstvima Europske unije, iz Europskog fonda za regionalni razvoj,\u00a0 u sklopu Operativnog programa \u201eRegionalna konkurentnost\u201c 2007.-2013. Shema dodjele bespovratnih sredstava za poslovnu infrastrukturu.<\/li>\n<li>Po\u010detna cijena po 1 m<sup>2<\/sup> iznosi 41,00 kn.<\/li>\n<li>Nekretnine se prodaju u vi\u0111enom stanju \u0161to isklju\u010duje sve naknadne prigovore.<\/li>\n<li>Ponuditelji mogu biti fizi\u010dke i pravne osobe ako ispunjavaju Zakonom predvi\u0111ene uvjete za stjecanje prava vlasni\u0161tva na nekretninama. Navedeni natjecatelji moraju dokazati pravnu i poslovnu sposobnost ispravom o upisu u poslovni, sudski, (trgova\u010dki), strukovni, obrtni ili drugi odgovaraju\u0107i registar ili odgovaraju\u0107om potvrdom \u2013 pravne osobe, odnosno preslikom osobne iskaznice \u2013 fizi\u010dke osobe.<\/li>\n<li>Ponuditelj u ponudi treba nazna\u010diti:<\/li>\n<\/ol>\n<ul>\n<li>osobne podatke (ime i prezime odnosno naziv tvrtke, adresu \/sjedi\u0161te tvrtke, OIB,<\/li>\n<li>oznaku zemlji\u0161ta (katastarske \u010destice) i povr\u0161inu zemlji\u0161ta za koje se natje\u010de,<\/li>\n<li>visinu ponu\u0111ene cijene po m<sup>2<\/sup> i ukupnu ponu\u0111enu cijenu za svaku katastarsku \u010desticu,<\/li>\n<li>na\u010din pla\u0107anja:\n<ul>\n<li><strong><u>jednokratno<\/u><\/strong> \u2013 ukoliko namjerava platiti ukupnu kupoprodajnu cijenu odjednom ili<\/li>\n<li><strong><u>obro\u010dno<\/u><\/strong> \u2013 ukoliko namjerava platiti kupoprodajnu cijenu u vi\u0161e obroka a najvi\u0161e do 12 rata. U slu\u010daju obro\u010dnog pla\u0107anja uknji\u017eba prava vlasni\u0161tva dozvolit \u0107e se po kona\u010dnoj uplati ukupne kupoprodajne cijene.<\/li>\n<\/ul>\n<\/li>\n<li>djelatnost koju namjerava obavljati u zoni,<\/li>\n<li><u>potrebni energenti: struja(kw), <\/u><\/li>\n<li>planirani broj novozaposlenih radnika.<\/li>\n<\/ul>\n<p><strong><u>\u00a0Ponudi treba prilo\u017eiti:<\/u><\/strong><\/p>\n<ol>\n<li>Dokaz o upla\u0107enoj jam\u010devini,<\/li>\n<li>Ispravu o upisu u poslovni, sudski (trgova\u010dki) strukovni, obrtni ili drugi odgovaraju\u0107i registar za poslovne subjekte, preslika osobne iskaznice za fizi\u010dke osobe,<\/li>\n<li>BON-2 ili SOL-2 za glavni ra\u010dun- ne stariji od 30 dana do dana objave Javnog natje\u010daja (original ili ovjerena preslika), iz kojeg je vidljivo da ra\u010dun nije bio blokiran vi\u0161e od 10 dana u prethodnih 6 mjeseci od dana sastavljanja obrasca,<\/li>\n<li>Potvrdu o izmirenim porezima i doprinosima,<\/li>\n<li>Izjavu ili Potvrdu da ponu\u0111a\u010d nema dugovanja prema Op\u0107ini Lekenik,<\/li>\n<li>Ponuditelji su du\u017eni uplatiti jam\u010devinu u visini od 10% od ukupno odre\u0111ene po\u010detne cijene, na ra\u010dun Op\u0107ine Lekenik broj: <u>HR4824070001822800006,<\/u>\u00a0\u00a0\u00a0\u00a0\u00a0\u00a0\u00a0\u00a0\u00a0\u00a0\u00a0\u00a0\u00a0\u00a0\u00a0\u00a0\u00a0\u00a0\u00a0\u00a0\u00a0\u00a0\u00a0\u00a0\u00a0\u00a0\u00a0\u00a0\u00a0\u00a0\u00a0\u00a0\u00a0\u00a0\u00a0\u00a0\u00a0\u00a0\u00a0 model <u>HR68\u00a0 \u00a0\u00a0poziv na broj 7722-OIB.\u00a0\u00a0\u00a0\u00a0\u00a0 <\/u>\u00a0\u00a0\u00a0\u00a0\u00a0\u00a0\u00a0\u00a0\u00a0\u00a0\u00a0\u00a0\u00a0\u00a0\u00a0\u00a0\u00a0\u00a0\u00a0\u00a0\u00a0\u00a0\u00a0\u00a0\u00a0\u00a0\u00a0\u00a0\u00a0\u00a0\u00a0\u00a0\u00a0\u00a0\u00a0\u00a0\u00a0\u00a0\u00a0\u00a0\u00a0\u00a0\u00a0\u00a0\u00a0\u00a0\u00a0\u00a0\u00a0\u00a0\u00a0\u00a0\u00a0\u00a0\u00a0\u00a0\u00a0\u00a0\u00a0\u00a0\u00a0\u00a0\u00a0\u00a0\u00a0\u00a0\u00a0\u00a0\u00a0\u00a0\u00a0\u00a0\u00a0\u00a0\u00a0\u00a0\u00a0\u00a0\u00a0\u00a0\u00a0\u00a0\u00a0\u00a0\u00a0\u00a0\u00a0\u00a0\u00a0\u00a0\u00a0\u00a0\u00a0\u00a0\u00a0\u00a0\u00a0\u00a0\u00a0\u00a0\u00a0\u00a0\u00a0\u00a0\u00a0\u00a0Odabranom ponuditelju jam\u010devina se ura\u010dunava u kupoprodajnu cijenu.<br \/>\nPonuditelju \u010dija ponuda ne bude prihva\u0107ena, jam\u010devina se vra\u0107a u roku od 8 (osam) dana od dana dono\u0161enja odluke o odabiru najpovoljnije ponude. \u00a0\u00a0\u00a0\u00a0\u00a0\u00a0\u00a0\u00a0\u00a0\u00a0\u00a0\u00a0\u00a0\u00a0\u00a0\u00a0\u00a0\u00a0\u00a0Natjecatelj\u00a0 \u010dija je ponuda prihva\u0107ena, a koji ne sklopi ugovor u predvi\u0111enom roku, nema pravo na povrat jam\u010devine.<\/li>\n<li>Rok za dostavu ponuda je 15 (petnaest) dana od dana objave natje\u010daja.<\/li>\n<li>Prijave na Javni natje\u010daj predaju se u Op\u0107inu Lekenik, Lekenik, Zagreba\u010dka 44, neposredno u zatvorenoj omotnici s navedenom adresom ponuditelja i naru\u010ditelja ili putem po\u0161te preporu\u010deno.<br \/>\nNa omotnici navesti \u00ab NE OTVARATI &#8211; ZA NATJE\u010cAJ \u2013 PONUDA ZA KUPNJU NEKRETNINE U PODUZETNI\u010cKOJ ZONI \u00bb.<\/li>\n<li>Otvaranje ponuda obavit \u0107e Stru\u010dno povjerenstvo za prodaju nekretnina u prostorijama op\u0107ine Lekenik, Lekenik, Zagreba\u010dka 44, <strong>prvi slijede\u0107i radni dan po isteku roka za podno\u0161enje prijave na natje\u010daj, u 12,00 sati<\/strong>.<\/li>\n<li>Nepotpune ili nepravodobne ponude ne\u0107e se razmatrati.<\/li>\n<li>O rezultatima natje\u010daja ponuditelji \u0107e biti obavije\u0161teni pismeno u roku od 60 dana od dana objavljivanja natje\u010daja.<\/li>\n<li>Op\u0107inski na\u010delnik \u0107e s najpovoljnijim ponuditeljem sklopiti ugovor o prodaji nekretnine u roku od 30 dana od izbora najpovoljnijeg ponuditelja. U slu\u010daju da najpovoljniji ponuditelj ne sklopi Ugovor o prodaji u roku smatrat \u0107e se da je odustao od kupnje, te gubi pravo na povrat jam\u010devine.<\/li>\n<li>Sve tro\u0161kove proiza\u0161le iz ugovora o prodaji i porez na promet nekretnina snosi kupac u cijelosti.<\/li>\n<li>Kupac je du\u017ean zapo\u010deti izgradnju objekta najkasnije u roku 1 godine, a djelatnost zapo\u010deti u roku od 3 godine od dana potpisivanja Kupoprodajnog ugovora.<\/li>\n<li>U slu\u010daju nepo\u0161tivanja navedenih rokova i odredbi natje\u010daja ili promjene djelatnosti bez suglasnosti Op\u0107ine, Op\u0107ina ima pravo raskinuti ugovor, a kupac ima pravo na povrat iznosa kupoprodajne cijene umanjene za 15%, na ime naknade \u0161tete.<\/li>\n<li>Za nekretnine vrijedi petogodi\u0161nja zabrana otu\u0111enja (preprodaje) bez suglasnosti Op\u0107ine Lekenik. Ukoliko vlasnik zemlji\u0161ta \u017eeli prodati predmetno zemlji\u0161te nakon isteka roka zabrane otu\u0111enja, pravo prvokupa ima Op\u0107ina Lekenik.<\/li>\n<li>Op\u0107ina Lekenik ima pravo poni\u0161titi natje\u010daj, odnosno ne prihvatiti niti jednu ponudu bez obrazlo\u017eenja.<\/li>\n<li>Sve informacije o ovom natje\u010daju mogu se dobiti u Op\u0107ini Lekenik, te na telefon 044\/527-811.<\/li>\n<\/ol>\n<p>KLASA:944-18\/16-01\/07<\/p>\n<p>URBROJ:2176\/12-01-16-02<\/p>\n<p>Lekenik, 21\u00ad\u00ad\u00ad\u00ad\u00ad\u00ad\u00ad\u00ad\u00ad\u00ad\u00ad\u00ad.10.2016.<\/p>\n<p>OP\u0106INSKO VIJE\u0106E OP\u0106INE LEKENIK<\/p>\n<p><a href=\"http:\/\/lekenik.hr\/poduzetnicka-zona\/wp-content\/uploads\/2016\/10\/2natjecaj-PODUZETNICKA-ZONA-21listopad2016.doc\">Preuzmite dokument<\/a><\/p>\n<\/div><\/section>\n","protected":false},"excerpt":{"rendered":"","protected":false},"author":1,"featured_media":0,"parent":0,"menu_order":0,"comment_status":"closed","ping_status":"closed","template":"","meta":[],"yoast_head":"<!-- This site is optimized with the Yoast SEO plugin v16.9 - https:\/\/yoast.com\/wordpress\/plugins\/seo\/ -->\n<title>Public competition - Poduzetni\u010dka zona Marof Lekenik<\/title>\n<meta name=\"robots\" content=\"index, follow, max-snippet:-1, max-image-preview:large, max-video-preview:-1\" \/>\n<link rel=\"canonical\" href=\"https:\/\/lekenik.hr\/poduzetnicka-zona\/en\/public-competition\/\" \/>\n<meta property=\"og:locale\" content=\"hr_HR\" \/>\n<meta property=\"og:type\" content=\"article\" \/>\n<meta property=\"og:title\" content=\"Public competition - Poduzetni\u010dka zona Marof Lekenik\" \/>\n<meta property=\"og:url\" content=\"https:\/\/lekenik.hr\/poduzetnicka-zona\/en\/public-competition\/\" \/>\n<meta property=\"og:site_name\" content=\"Poduzetni\u010dka zona Marof Lekenik\" \/>\n<meta property=\"article:modified_time\" content=\"2016-10-22T12:52:09+00:00\" \/>\n<meta name=\"twitter:card\" content=\"summary\" \/>\n<meta name=\"twitter:label1\" content=\"Procijenjeno vrijeme \u010ditanja\" \/>\n\t<meta name=\"twitter:data1\" content=\"5 minuta\" \/>\n<script type=\"application\/ld+json\" class=\"yoast-schema-graph\">{\"@context\":\"https:\/\/schema.org\",\"@graph\":[{\"@type\":\"WebSite\",\"@id\":\"https:\/\/lekenik.hr\/poduzetnicka-zona\/hr\/#website\",\"url\":\"https:\/\/lekenik.hr\/poduzetnicka-zona\/hr\/\",\"name\":\"Poduzetni\\u010dka zona Marof Lekenik\",\"description\":\"Pokreta\\u010d lokalnog razvoja\",\"potentialAction\":[{\"@type\":\"SearchAction\",\"target\":{\"@type\":\"EntryPoint\",\"urlTemplate\":\"https:\/\/lekenik.hr\/poduzetnicka-zona\/hr\/?s={search_term_string}\"},\"query-input\":\"required name=search_term_string\"}],\"inLanguage\":\"hr\"},{\"@type\":\"WebPage\",\"@id\":\"https:\/\/lekenik.hr\/poduzetnicka-zona\/en\/public-competition\/#webpage\",\"url\":\"https:\/\/lekenik.hr\/poduzetnicka-zona\/en\/public-competition\/\",\"name\":\"Public competition - Poduzetni\\u010dka zona Marof Lekenik\",\"isPartOf\":{\"@id\":\"https:\/\/lekenik.hr\/poduzetnicka-zona\/hr\/#website\"},\"datePublished\":\"2016-10-20T17:19:12+00:00\",\"dateModified\":\"2016-10-22T12:52:09+00:00\",\"breadcrumb\":{\"@id\":\"https:\/\/lekenik.hr\/poduzetnicka-zona\/en\/public-competition\/#breadcrumb\"},\"inLanguage\":\"hr\",\"potentialAction\":[{\"@type\":\"ReadAction\",\"target\":[\"https:\/\/lekenik.hr\/poduzetnicka-zona\/en\/public-competition\/\"]}]},{\"@type\":\"BreadcrumbList\",\"@id\":\"https:\/\/lekenik.hr\/poduzetnicka-zona\/en\/public-competition\/#breadcrumb\",\"itemListElement\":[{\"@type\":\"ListItem\",\"position\":1,\"name\":\"Po\\u010detna stranica\",\"item\":\"https:\/\/lekenik.hr\/poduzetnicka-zona\/\"},{\"@type\":\"ListItem\",\"position\":2,\"name\":\"Public competition\"}]}]}<\/script>\n<!-- \/ Yoast SEO plugin. -->","yoast_head_json":{"title":"Public competition - Poduzetni\u010dka zona Marof Lekenik","robots":{"index":"index","follow":"follow","max-snippet":"max-snippet:-1","max-image-preview":"max-image-preview:large","max-video-preview":"max-video-preview:-1"},"canonical":"https:\/\/lekenik.hr\/poduzetnicka-zona\/en\/public-competition\/","og_locale":"hr_HR","og_type":"article","og_title":"Public competition - Poduzetni\u010dka zona Marof Lekenik","og_url":"https:\/\/lekenik.hr\/poduzetnicka-zona\/en\/public-competition\/","og_site_name":"Poduzetni\u010dka zona Marof Lekenik","article_modified_time":"2016-10-22T12:52:09+00:00","twitter_card":"summary","twitter_misc":{"Procijenjeno vrijeme \u010ditanja":"5 minuta"},"schema":{"@context":"https:\/\/schema.org","@graph":[{"@type":"WebSite","@id":"https:\/\/lekenik.hr\/poduzetnicka-zona\/hr\/#website","url":"https:\/\/lekenik.hr\/poduzetnicka-zona\/hr\/","name":"Poduzetni\u010dka zona Marof Lekenik","description":"Pokreta\u010d lokalnog razvoja","potentialAction":[{"@type":"SearchAction","target":{"@type":"EntryPoint","urlTemplate":"https:\/\/lekenik.hr\/poduzetnicka-zona\/hr\/?s={search_term_string}"},"query-input":"required name=search_term_string"}],"inLanguage":"hr"},{"@type":"WebPage","@id":"https:\/\/lekenik.hr\/poduzetnicka-zona\/en\/public-competition\/#webpage","url":"https:\/\/lekenik.hr\/poduzetnicka-zona\/en\/public-competition\/","name":"Public competition - Poduzetni\u010dka zona Marof Lekenik","isPartOf":{"@id":"https:\/\/lekenik.hr\/poduzetnicka-zona\/hr\/#website"},"datePublished":"2016-10-20T17:19:12+00:00","dateModified":"2016-10-22T12:52:09+00:00","breadcrumb":{"@id":"https:\/\/lekenik.hr\/poduzetnicka-zona\/en\/public-competition\/#breadcrumb"},"inLanguage":"hr","potentialAction":[{"@type":"ReadAction","target":["https:\/\/lekenik.hr\/poduzetnicka-zona\/en\/public-competition\/"]}]},{"@type":"BreadcrumbList","@id":"https:\/\/lekenik.hr\/poduzetnicka-zona\/en\/public-competition\/#breadcrumb","itemListElement":[{"@type":"ListItem","position":1,"name":"Po\u010detna stranica","item":"https:\/\/lekenik.hr\/poduzetnicka-zona\/"},{"@type":"ListItem","position":2,"name":"Public competition"}]}]}},"_links":{"self":[{"href":"https:\/\/lekenik.hr\/poduzetnicka-zona\/wp-json\/wp\/v2\/pages\/144"}],"collection":[{"href":"https:\/\/lekenik.hr\/poduzetnicka-zona\/wp-json\/wp\/v2\/pages"}],"about":[{"href":"https:\/\/lekenik.hr\/poduzetnicka-zona\/wp-json\/wp\/v2\/types\/page"}],"author":[{"embeddable":true,"href":"https:\/\/lekenik.hr\/poduzetnicka-zona\/wp-json\/wp\/v2\/users\/1"}],"replies":[{"embeddable":true,"href":"https:\/\/lekenik.hr\/poduzetnicka-zona\/wp-json\/wp\/v2\/comments?post=144"}],"version-history":[{"count":3,"href":"https:\/\/lekenik.hr\/poduzetnicka-zona\/wp-json\/wp\/v2\/pages\/144\/revisions"}],"predecessor-version":[{"id":161,"href":"https:\/\/lekenik.hr\/poduzetnicka-zona\/wp-json\/wp\/v2\/pages\/144\/revisions\/161"}],"wp:attachment":[{"href":"https:\/\/lekenik.hr\/poduzetnicka-zona\/wp-json\/wp\/v2\/media?parent=144"}],"curies":[{"name":"wp","href":"https:\/\/api.w.org\/{rel}","templated":true}]}}