{"id":132,"date":"2016-10-11T14:46:38","date_gmt":"2016-10-11T14:46:38","guid":{"rendered":"http:\/\/lekenik.hr\/poduzetnicka-zona\/?page_id=132"},"modified":"2016-10-11T14:52:44","modified_gmt":"2016-10-11T14:52:44","slug":"homepage","status":"publish","type":"page","link":"https:\/\/lekenik.hr\/poduzetnicka-zona\/en\/homepage\/","title":{"rendered":"Homepage"},"content":{"rendered":"<div id='full_slider_1'  class='avia-fullwidth-slider main_color avia-shadow   avia-builder-el-0  el_before_av_one_full  avia-builder-el-first   container_wrap sidebar_right'  ><div   data-size='featured_large'  data-lightbox_size='large'  data-animation='slide'  data-conditional_play=''  data-ids='89'  data-video_counter='0'  data-autoplay='false'  data-bg_slider='false'  data-slide_height=''  data-handle='av_slideshow_full'  data-interval='5'  data-class=' '  data-el_id=''  data-css_id=''  data-scroll_down=''  data-control_layout='av-control-default'  data-custom_markup=''  data-perma_caption=''  data-autoplay_stopper=''  data-image_attachment=''  data-min_height='0px'  data-lazy_loading='disabled'  data-src=''  data-position='top left'  data-repeat='no-repeat'  data-attach='scroll'  data-stretch=''  data-default-height='42'  class='avia-slideshow avia-slideshow-1  av-control-default av-default-height-applied avia-slideshow-featured_large av_slideshow_full   avia-slide-slider '  itemprop=\"image\" itemscope=\"itemscope\" itemtype=\"https:\/\/schema.org\/ImageObject\" ><ul class='avia-slideshow-inner ' style='padding-bottom: 33.333333333333%;' ><li  class=' av-single-slide slide-1 ' ><div data-rel='slideshow-1' class='avia-slide-wrap '   ><img class=\"wp-image-89 avia-img-lazy-loading-not-89\"  src=\"https:\/\/lekenik.hr\/poduzetnicka-zona\/wp-content\/uploads\/2016\/09\/header-slika-1-1500x500.jpg\" width=\"1500\" height=\"500\" title='header-slika' alt=''  itemprop=\"thumbnailUrl\" srcset=\"https:\/\/lekenik.hr\/poduzetnicka-zona\/wp-content\/uploads\/2016\/09\/header-slika-1.jpg 1500w, https:\/\/lekenik.hr\/poduzetnicka-zona\/wp-content\/uploads\/2016\/09\/header-slika-1-300x100.jpg 300w, https:\/\/lekenik.hr\/poduzetnicka-zona\/wp-content\/uploads\/2016\/09\/header-slika-1-768x256.jpg 768w, https:\/\/lekenik.hr\/poduzetnicka-zona\/wp-content\/uploads\/2016\/09\/header-slika-1-1030x343.jpg 1030w, https:\/\/lekenik.hr\/poduzetnicka-zona\/wp-content\/uploads\/2016\/09\/header-slika-1-705x235.jpg 705w, https:\/\/lekenik.hr\/poduzetnicka-zona\/wp-content\/uploads\/2016\/09\/header-slika-1-450x150.jpg 450w\" sizes=\"(max-width: 1500px) 100vw, 1500px\" \/><\/div><\/li><\/ul><\/div><\/div><div id='after_full_slider_1'  class='main_color av_default_container_wrap container_wrap sidebar_right'  ><div class='container av-section-cont-open' ><div class='template-page content  av-content-small alpha units'><div class='post-entry post-entry-type-page post-entry-132'><div class='entry-content-wrapper clearfix'>\n\n<style type=\"text\/css\" data-created_by=\"avia_inline_auto\" id=\"style-css-av-av_one_full-6126cab7d8fab8d08143dd2dacdf673c\">\n.flex_column.av-av_one_full-6126cab7d8fab8d08143dd2dacdf673c{\nborder-radius:0px 0px 0px 0px;\n-webkit-border-radius:0px 0px 0px 0px;\n-moz-border-radius:0px 0px 0px 0px;\n}\n<\/style>\n<div class='flex_column av-av_one_full-6126cab7d8fab8d08143dd2dacdf673c av_one_full  avia-builder-el-1  el_after_av_slideshow_full  el_before_av_hr  avia-builder-el-first  first flex_column_div av-zero-column-padding '   ><p>\n<style type=\"text\/css\" data-created_by=\"avia_inline_auto\" id=\"style-css-av-av_gallery-4351d48e222a503ee15f6cbf4e833047\">\n#top .avia-gallery.av-av_gallery-4351d48e222a503ee15f6cbf4e833047 .avia-gallery-thumb a{\nwidth:33.3333%;\n}\n<\/style>\n<div  class='avia-gallery av-av_gallery-4351d48e222a503ee15f6cbf4e833047 avia_animate_when_visible  avia-builder-el-2  el_before_av_heading  avia-builder-el-first  avia_lazyload avia-gallery-animate  avia-gallery-1'  itemprop=\"image\" itemscope=\"itemscope\" itemtype=\"https:\/\/schema.org\/ImageObject\" ><div class='avia-gallery-thumb'> <a href=\"https:\/\/lekenik.hr\/poduzetnicka-zona\/wp-content\/uploads\/2016\/09\/malaGOPR9505-2-1030x773.jpg\" data-srcset=\"https:\/\/lekenik.hr\/poduzetnicka-zona\/wp-content\/uploads\/2016\/09\/malaGOPR9505-2-1030x773.jpg 1030w, https:\/\/lekenik.hr\/poduzetnicka-zona\/wp-content\/uploads\/2016\/09\/malaGOPR9505-2-300x225.jpg 300w, https:\/\/lekenik.hr\/poduzetnicka-zona\/wp-content\/uploads\/2016\/09\/malaGOPR9505-2-768x576.jpg 768w, https:\/\/lekenik.hr\/poduzetnicka-zona\/wp-content\/uploads\/2016\/09\/malaGOPR9505-2-1500x1125.jpg 1500w, https:\/\/lekenik.hr\/poduzetnicka-zona\/wp-content\/uploads\/2016\/09\/malaGOPR9505-2-705x529.jpg 705w, https:\/\/lekenik.hr\/poduzetnicka-zona\/wp-content\/uploads\/2016\/09\/malaGOPR9505-2-450x338.jpg 450w, https:\/\/lekenik.hr\/poduzetnicka-zona\/wp-content\/uploads\/2016\/09\/malaGOPR9505-2.jpg 1600w\" data-sizes=\"(max-width: 1030px) 100vw, 1030px\" data-rel='gallery-1' data-prev-img='https:\/\/lekenik.hr\/poduzetnicka-zona\/wp-content\/uploads\/2016\/09\/malaGOPR9505-2-495x400.jpg' class='first_thumb lightbox ' data-onclick='1' title='DCIM104GOPRO'  itemprop=\"thumbnailUrl\"  ><img class=\"wp-image-96 avia-img-lazy-loading-not-96\"  data-avia-tooltip='DCIM104GOPRO' src=\"https:\/\/lekenik.hr\/poduzetnicka-zona\/wp-content\/uploads\/2016\/09\/malaGOPR9505-2-495x400.jpg\" width=\"495\" height=\"400\"  title='DCIM104GOPRO' alt='' srcset=\"https:\/\/lekenik.hr\/poduzetnicka-zona\/wp-content\/uploads\/2016\/09\/malaGOPR9505-2-495x400.jpg 495w, https:\/\/lekenik.hr\/poduzetnicka-zona\/wp-content\/uploads\/2016\/09\/malaGOPR9505-2-845x684.jpg 845w\" sizes=\"(max-width: 495px) 100vw, 495px\" \/><\/a> <a href=\"https:\/\/lekenik.hr\/poduzetnicka-zona\/wp-content\/uploads\/2016\/09\/malaGOPR9516-2-1030x773.jpg\" data-srcset=\"https:\/\/lekenik.hr\/poduzetnicka-zona\/wp-content\/uploads\/2016\/09\/malaGOPR9516-2-1030x773.jpg 1030w, https:\/\/lekenik.hr\/poduzetnicka-zona\/wp-content\/uploads\/2016\/09\/malaGOPR9516-2-300x225.jpg 300w, https:\/\/lekenik.hr\/poduzetnicka-zona\/wp-content\/uploads\/2016\/09\/malaGOPR9516-2-768x576.jpg 768w, https:\/\/lekenik.hr\/poduzetnicka-zona\/wp-content\/uploads\/2016\/09\/malaGOPR9516-2-1500x1125.jpg 1500w, https:\/\/lekenik.hr\/poduzetnicka-zona\/wp-content\/uploads\/2016\/09\/malaGOPR9516-2-705x529.jpg 705w, https:\/\/lekenik.hr\/poduzetnicka-zona\/wp-content\/uploads\/2016\/09\/malaGOPR9516-2-450x338.jpg 450w, https:\/\/lekenik.hr\/poduzetnicka-zona\/wp-content\/uploads\/2016\/09\/malaGOPR9516-2.jpg 1600w\" data-sizes=\"(max-width: 1030px) 100vw, 1030px\" data-rel='gallery-1' data-prev-img='https:\/\/lekenik.hr\/poduzetnicka-zona\/wp-content\/uploads\/2016\/09\/malaGOPR9516-2-495x400.jpg' class='lightbox ' data-onclick='2' title='DCIM104GOPRO'  itemprop=\"thumbnailUrl\"  ><img class=\"wp-image-97 avia-img-lazy-loading-not-97\"  data-avia-tooltip='DCIM104GOPRO' src=\"https:\/\/lekenik.hr\/poduzetnicka-zona\/wp-content\/uploads\/2016\/09\/malaGOPR9516-2-495x400.jpg\" width=\"495\" height=\"400\"  title='DCIM104GOPRO' alt='' srcset=\"https:\/\/lekenik.hr\/poduzetnicka-zona\/wp-content\/uploads\/2016\/09\/malaGOPR9516-2-495x400.jpg 495w, https:\/\/lekenik.hr\/poduzetnicka-zona\/wp-content\/uploads\/2016\/09\/malaGOPR9516-2-845x684.jpg 845w\" sizes=\"(max-width: 495px) 100vw, 495px\" \/><\/a> <a href=\"https:\/\/lekenik.hr\/poduzetnicka-zona\/wp-content\/uploads\/2016\/09\/malaGOPR9520-2-1030x763.jpg\" data-srcset=\"https:\/\/lekenik.hr\/poduzetnicka-zona\/wp-content\/uploads\/2016\/09\/malaGOPR9520-2-1030x763.jpg 1030w, https:\/\/lekenik.hr\/poduzetnicka-zona\/wp-content\/uploads\/2016\/09\/malaGOPR9520-2-300x222.jpg 300w, https:\/\/lekenik.hr\/poduzetnicka-zona\/wp-content\/uploads\/2016\/09\/malaGOPR9520-2-768x569.jpg 768w, https:\/\/lekenik.hr\/poduzetnicka-zona\/wp-content\/uploads\/2016\/09\/malaGOPR9520-2-1500x1111.jpg 1500w, https:\/\/lekenik.hr\/poduzetnicka-zona\/wp-content\/uploads\/2016\/09\/malaGOPR9520-2-705x522.jpg 705w, https:\/\/lekenik.hr\/poduzetnicka-zona\/wp-content\/uploads\/2016\/09\/malaGOPR9520-2-450x333.jpg 450w, https:\/\/lekenik.hr\/poduzetnicka-zona\/wp-content\/uploads\/2016\/09\/malaGOPR9520-2.jpg 1600w\" data-sizes=\"(max-width: 1030px) 100vw, 1030px\" data-rel='gallery-1' data-prev-img='https:\/\/lekenik.hr\/poduzetnicka-zona\/wp-content\/uploads\/2016\/09\/malaGOPR9520-2-495x400.jpg' class='lightbox ' data-onclick='3' title='DCIM104GOPRO'  itemprop=\"thumbnailUrl\"  ><img class=\"wp-image-98 avia-img-lazy-loading-not-98\"  data-avia-tooltip='DCIM104GOPRO' src=\"https:\/\/lekenik.hr\/poduzetnicka-zona\/wp-content\/uploads\/2016\/09\/malaGOPR9520-2-495x400.jpg\" width=\"495\" height=\"400\"  title='DCIM104GOPRO' alt='' srcset=\"https:\/\/lekenik.hr\/poduzetnicka-zona\/wp-content\/uploads\/2016\/09\/malaGOPR9520-2-495x400.jpg 495w, https:\/\/lekenik.hr\/poduzetnicka-zona\/wp-content\/uploads\/2016\/09\/malaGOPR9520-2-845x684.jpg 845w\" sizes=\"(max-width: 495px) 100vw, 495px\" \/><\/a><\/div><\/div><br \/>\n\n<style type=\"text\/css\" data-created_by=\"avia_inline_auto\" id=\"style-css-av-av_heading-6bc543a2fa0854966462c4716e401489\">\n#top .av-special-heading.av-av_heading-6bc543a2fa0854966462c4716e401489{\npadding-bottom:10px;\n}\n<\/style>\n<div  class='av-special-heading av-av_heading-6bc543a2fa0854966462c4716e401489 av-special-heading-h3  avia-builder-el-3  el_after_av_gallery  el_before_av_textblock  '><h3 class='av-special-heading-tag '  itemprop=\"headline\"  >Business zone Marof Lekenik<\/h3><div class='special-heading-border'><div class='special-heading-inner-border'><\/div><\/div><\/div><br \/>\n<section class=\"av_textblock_section \"  itemscope=\"itemscope\" itemtype=\"https:\/\/schema.org\/CreativeWork\" ><div class='avia_textblock  '   itemprop=\"text\" ><p>Opening conference of the project &#8220;Business zone Marof Lekenik &#8211; driver of local development&#8221; was held on Friday, 19 December 2014 at the premises of the public library in Lekenik to the project presented by the media and the general public. The project was prepared in cooperation of the Municipality of Lekenik and Development Agency of Sisak -Moslavina County SI-MO-RA Ltd. In February 2014, was reported to IV. call for proposals for &#8220;grant schemes for business infrastructure&#8221;, the number of calls RC 1.1.O5 funded under the Operational Programme Regional Competitiveness 2007th to 2013th After the procedure of evaluation of project applications by the decision of the Ministry of Regional Development and EU funds this project is selected for funding, and in September 2014 the municipality Lekenik has concluded a grant for projects funded by the Structural Funds and the Cohesion Fund of the EU as part of the 2007 program .- 2013.<\/p>\n<p>The project started on 1 October 2014, and the project will last 24 months. The contract value of the project is \u00a3 32,608,320.66, of which awarded grants amount to \u00a3 30,778,993.87 (94.39%) and the Municipality of Lekenik co-finance the project in the amount of 1,829,326.79 kn (5,61% ).<\/p>\n<p>To manage the overall project and implementation of project activities and the dynamics responsible project team consisting of five members appointed coordinator of the Municipality of Lekenik and Project Partner Development Agency SMC SI-MO-RA Ltd.<\/p>\n<p>The overall objective of this project is to contribute to sustainable development of the Municipality of Lekenik and the wider environment by encouraging the growth of small and medium-sized enterprises (SMEs) and creating jobs by building utility and energy infrastructure in the business zone and through investment in human resource development and marketing.<\/p>\n<p>The basic elements of the project are:<\/p>\n<p>&#8211; &#8220;Infrastructure works in the Zone&#8221; &#8211; with this project, SMEs will be placed at the disposal of 304 300 m2 decorated and fully equipped building land in an attractive location.<\/p>\n<p>&#8211; &#8220;Zone management and marketing&#8221; &#8211; to build infrastructure began to operate through marketing and educational activities will ensure favorable conditions for the reception and work with investors and activate potentials Zone.<\/p>\n<p>Mobilising resources distinct competitive advantages Business zones Marof Lekenik directly is associated with encouraging the development of entrepreneurship, increasing the number of business entities and increase employment, which makes this project extremely valuable for the local and regional community.<\/p>\n<\/div><\/section><\/p><\/div>\n<div  class='hr av-av_hr-dcd2069817a0e3d34ae04cad8f3443c7 hr-default  avia-builder-el-5  el_after_av_one_full  el_before_av_heading  '><span class='hr-inner '><span class=\"hr-inner-style\"><\/span><\/span><\/div>\n\n<style type=\"text\/css\" data-created_by=\"avia_inline_auto\" id=\"style-css-av-av_heading-dc9c4383be110da2492ab135294b669c\">\n#top .av-special-heading.av-av_heading-dc9c4383be110da2492ab135294b669c{\npadding-bottom:10px;\nfont-size:22px;\n}\n<\/style>\n<div  class='av-special-heading av-av_heading-dc9c4383be110da2492ab135294b669c av-special-heading-h1 blockquote modern-quote modern-centered  avia-builder-el-6  el_after_av_hr  el_before_av_video  av-inherit-size '><h1 class='av-special-heading-tag '  itemprop=\"headline\"  >Air shoots:<\/h1><div class='special-heading-border'><div class='special-heading-inner-border'><\/div><\/div><\/div>\n<div  class='avia-video avia-video-16-9   av-lazyload-immediate  av-lazyload-video-embed  '   itemprop=\"video\" itemtype=\"https:\/\/schema.org\/VideoObject\"  data-original_url='https:\/\/www.youtube.com\/watch?v=_ALtJ1wVtwo' ><script type='text\/html' class='av-video-tmpl'><div class='avia-iframe-wrap'><iframe width=\"1500\" height=\"844\" src=\"https:\/\/www.youtube.com\/embed\/_ALtJ1wVtwo?feature=oembed&autoplay=0&loop=0&controls=1&mute=0\" frameborder=\"0\" allowfullscreen><\/iframe><\/div><\/script><div class='av-click-to-play-overlay'><div class=\"avia_playpause_icon\"><\/div><\/div><\/div>\n<div  class='hr av-av_hr-dcd2069817a0e3d34ae04cad8f3443c7 hr-default  avia-builder-el-8  el_after_av_video  el_before_av_image  '><span class='hr-inner '><span class=\"hr-inner-style\"><\/span><\/span><\/div>\n\n<style type=\"text\/css\" data-created_by=\"avia_inline_auto\" id=\"style-css-av-av_image-e97bceadaa2c0768a984a439d9fe9ced\">\n.avia-image-container.av-av_image-e97bceadaa2c0768a984a439d9fe9ced .av-image-caption-overlay-center{\ncolor:#ffffff;\n}\n<\/style>\n<div  class='avia-image-container av-av_image-e97bceadaa2c0768a984a439d9fe9ced av-styling- avia-align-center  avia-builder-el-9  el_after_av_hr  avia-builder-el-last  '  itemprop=\"image\" itemscope=\"itemscope\" itemtype=\"https:\/\/schema.org\/ImageObject\" ><div class=\"avia-image-container-inner\"><div class=\"avia-image-overlay-wrap\"><img class='wp-image-25 avia-img-lazy-loading-not-25 avia_image' src=\"https:\/\/lekenik.hr\/poduzetnicka-zona\/wp-content\/uploads\/2016\/09\/logo2.png\" alt='' title='logo2'  height=\"315\" width=\"1308\"  itemprop=\"thumbnailUrl\" srcset=\"https:\/\/lekenik.hr\/poduzetnicka-zona\/wp-content\/uploads\/2016\/09\/logo2.png 1308w, https:\/\/lekenik.hr\/poduzetnicka-zona\/wp-content\/uploads\/2016\/09\/logo2-300x72.png 300w, https:\/\/lekenik.hr\/poduzetnicka-zona\/wp-content\/uploads\/2016\/09\/logo2-768x185.png 768w, https:\/\/lekenik.hr\/poduzetnicka-zona\/wp-content\/uploads\/2016\/09\/logo2-1030x248.png 1030w, https:\/\/lekenik.hr\/poduzetnicka-zona\/wp-content\/uploads\/2016\/09\/logo2-705x170.png 705w, https:\/\/lekenik.hr\/poduzetnicka-zona\/wp-content\/uploads\/2016\/09\/logo2-450x108.png 450w\" sizes=\"(max-width: 1308px) 100vw, 1308px\" \/><\/div><\/div><\/div>\n","protected":false},"excerpt":{"rendered":"","protected":false},"author":1,"featured_media":0,"parent":0,"menu_order":0,"comment_status":"closed","ping_status":"closed","template":"","meta":[],"yoast_head":"<!-- This site is optimized with the Yoast SEO plugin v16.9 - https:\/\/yoast.com\/wordpress\/plugins\/seo\/ -->\n<title>Homepage - Poduzetni\u010dka zona Marof Lekenik<\/title>\n<meta name=\"description\" content=\"Informacije o poduzetni\u010dkoj zoni Marof - Lekenik. Pregledajte objave, najte\u010daje i detaljan pregled svih parcela sa pripadaju\u010dim informacijama.\" \/>\n<meta name=\"robots\" content=\"index, follow, max-snippet:-1, max-image-preview:large, max-video-preview:-1\" \/>\n<link rel=\"canonical\" href=\"https:\/\/lekenik.hr\/poduzetnicka-zona\/en\/homepage\/\" \/>\n<meta property=\"og:locale\" content=\"hr_HR\" \/>\n<meta property=\"og:type\" content=\"article\" \/>\n<meta property=\"og:title\" content=\"Homepage - Poduzetni\u010dka zona Marof Lekenik\" \/>\n<meta property=\"og:description\" content=\"Informacije o poduzetni\u010dkoj zoni Marof - Lekenik. Pregledajte objave, najte\u010daje i detaljan pregled svih parcela sa pripadaju\u010dim informacijama.\" \/>\n<meta property=\"og:url\" content=\"https:\/\/lekenik.hr\/poduzetnicka-zona\/en\/homepage\/\" \/>\n<meta property=\"og:site_name\" content=\"Poduzetni\u010dka zona Marof Lekenik\" \/>\n<meta property=\"article:modified_time\" content=\"2016-10-11T14:52:44+00:00\" \/>\n<meta name=\"twitter:card\" content=\"summary\" \/>\n<meta name=\"twitter:label1\" content=\"Procijenjeno vrijeme \u010ditanja\" \/>\n\t<meta name=\"twitter:data1\" content=\"4 minute\" \/>\n<script type=\"application\/ld+json\" class=\"yoast-schema-graph\">{\"@context\":\"https:\/\/schema.org\",\"@graph\":[{\"@type\":\"WebSite\",\"@id\":\"https:\/\/lekenik.hr\/poduzetnicka-zona\/hr\/#website\",\"url\":\"https:\/\/lekenik.hr\/poduzetnicka-zona\/hr\/\",\"name\":\"Poduzetni\\u010dka zona Marof Lekenik\",\"description\":\"Pokreta\\u010d lokalnog razvoja\",\"potentialAction\":[{\"@type\":\"SearchAction\",\"target\":{\"@type\":\"EntryPoint\",\"urlTemplate\":\"https:\/\/lekenik.hr\/poduzetnicka-zona\/hr\/?s={search_term_string}\"},\"query-input\":\"required name=search_term_string\"}],\"inLanguage\":\"hr\"},{\"@type\":\"WebPage\",\"@id\":\"https:\/\/lekenik.hr\/poduzetnicka-zona\/en\/homepage\/#webpage\",\"url\":\"https:\/\/lekenik.hr\/poduzetnicka-zona\/en\/homepage\/\",\"name\":\"Homepage - Poduzetni\\u010dka zona Marof Lekenik\",\"isPartOf\":{\"@id\":\"https:\/\/lekenik.hr\/poduzetnicka-zona\/hr\/#website\"},\"datePublished\":\"2016-10-11T14:46:38+00:00\",\"dateModified\":\"2016-10-11T14:52:44+00:00\",\"description\":\"Informacije o poduzetni\\u010dkoj zoni Marof - Lekenik. Pregledajte objave, najte\\u010daje i detaljan pregled svih parcela sa pripadaju\\u010dim informacijama.\",\"breadcrumb\":{\"@id\":\"https:\/\/lekenik.hr\/poduzetnicka-zona\/en\/homepage\/#breadcrumb\"},\"inLanguage\":\"hr\",\"potentialAction\":[{\"@type\":\"ReadAction\",\"target\":[\"https:\/\/lekenik.hr\/poduzetnicka-zona\/en\/homepage\/\"]}]},{\"@type\":\"BreadcrumbList\",\"@id\":\"https:\/\/lekenik.hr\/poduzetnicka-zona\/en\/homepage\/#breadcrumb\",\"itemListElement\":[{\"@type\":\"ListItem\",\"position\":1,\"name\":\"Po\\u010detna stranica\",\"item\":\"https:\/\/lekenik.hr\/poduzetnicka-zona\/\"},{\"@type\":\"ListItem\",\"position\":2,\"name\":\"Homepage\"}]}]}<\/script>\n<!-- \/ Yoast SEO plugin. -->","yoast_head_json":{"title":"Homepage - Poduzetni\u010dka zona Marof Lekenik","description":"Informacije o poduzetni\u010dkoj zoni Marof - Lekenik. Pregledajte objave, najte\u010daje i detaljan pregled svih parcela sa pripadaju\u010dim informacijama.","robots":{"index":"index","follow":"follow","max-snippet":"max-snippet:-1","max-image-preview":"max-image-preview:large","max-video-preview":"max-video-preview:-1"},"canonical":"https:\/\/lekenik.hr\/poduzetnicka-zona\/en\/homepage\/","og_locale":"hr_HR","og_type":"article","og_title":"Homepage - Poduzetni\u010dka zona Marof Lekenik","og_description":"Informacije o poduzetni\u010dkoj zoni Marof - Lekenik. Pregledajte objave, najte\u010daje i detaljan pregled svih parcela sa pripadaju\u010dim informacijama.","og_url":"https:\/\/lekenik.hr\/poduzetnicka-zona\/en\/homepage\/","og_site_name":"Poduzetni\u010dka zona Marof Lekenik","article_modified_time":"2016-10-11T14:52:44+00:00","twitter_card":"summary","twitter_misc":{"Procijenjeno vrijeme \u010ditanja":"4 minute"},"schema":{"@context":"https:\/\/schema.org","@graph":[{"@type":"WebSite","@id":"https:\/\/lekenik.hr\/poduzetnicka-zona\/hr\/#website","url":"https:\/\/lekenik.hr\/poduzetnicka-zona\/hr\/","name":"Poduzetni\u010dka zona Marof Lekenik","description":"Pokreta\u010d lokalnog razvoja","potentialAction":[{"@type":"SearchAction","target":{"@type":"EntryPoint","urlTemplate":"https:\/\/lekenik.hr\/poduzetnicka-zona\/hr\/?s={search_term_string}"},"query-input":"required name=search_term_string"}],"inLanguage":"hr"},{"@type":"WebPage","@id":"https:\/\/lekenik.hr\/poduzetnicka-zona\/en\/homepage\/#webpage","url":"https:\/\/lekenik.hr\/poduzetnicka-zona\/en\/homepage\/","name":"Homepage - Poduzetni\u010dka zona Marof Lekenik","isPartOf":{"@id":"https:\/\/lekenik.hr\/poduzetnicka-zona\/hr\/#website"},"datePublished":"2016-10-11T14:46:38+00:00","dateModified":"2016-10-11T14:52:44+00:00","description":"Informacije o poduzetni\u010dkoj zoni Marof - Lekenik. Pregledajte objave, najte\u010daje i detaljan pregled svih parcela sa pripadaju\u010dim informacijama.","breadcrumb":{"@id":"https:\/\/lekenik.hr\/poduzetnicka-zona\/en\/homepage\/#breadcrumb"},"inLanguage":"hr","potentialAction":[{"@type":"ReadAction","target":["https:\/\/lekenik.hr\/poduzetnicka-zona\/en\/homepage\/"]}]},{"@type":"BreadcrumbList","@id":"https:\/\/lekenik.hr\/poduzetnicka-zona\/en\/homepage\/#breadcrumb","itemListElement":[{"@type":"ListItem","position":1,"name":"Po\u010detna stranica","item":"https:\/\/lekenik.hr\/poduzetnicka-zona\/"},{"@type":"ListItem","position":2,"name":"Homepage"}]}]}},"_links":{"self":[{"href":"https:\/\/lekenik.hr\/poduzetnicka-zona\/wp-json\/wp\/v2\/pages\/132"}],"collection":[{"href":"https:\/\/lekenik.hr\/poduzetnicka-zona\/wp-json\/wp\/v2\/pages"}],"about":[{"href":"https:\/\/lekenik.hr\/poduzetnicka-zona\/wp-json\/wp\/v2\/types\/page"}],"author":[{"embeddable":true,"href":"https:\/\/lekenik.hr\/poduzetnicka-zona\/wp-json\/wp\/v2\/users\/1"}],"replies":[{"embeddable":true,"href":"https:\/\/lekenik.hr\/poduzetnicka-zona\/wp-json\/wp\/v2\/comments?post=132"}],"version-history":[{"count":5,"href":"https:\/\/lekenik.hr\/poduzetnicka-zona\/wp-json\/wp\/v2\/pages\/132\/revisions"}],"predecessor-version":[{"id":340,"href":"https:\/\/lekenik.hr\/poduzetnicka-zona\/wp-json\/wp\/v2\/pages\/132\/revisions\/340"}],"wp:attachment":[{"href":"https:\/\/lekenik.hr\/poduzetnicka-zona\/wp-json\/wp\/v2\/media?parent=132"}],"curies":[{"name":"wp","href":"https:\/\/api.w.org\/{rel}","templated":true}]}}